{"id":3454,"date":"2026-03-19T14:08:23","date_gmt":"2026-03-19T13:08:23","guid":{"rendered":"https:\/\/evolutionsmuseum.at\/?page_id=3454"},"modified":"2026-03-19T14:08:23","modified_gmt":"2026-03-19T13:08:23","slug":"unterstuetzer-und-sponsoren-2","status":"publish","type":"page","link":"https:\/\/evolutionsmuseum.at\/de\/unterstuetzer-und-sponsoren-2\/","title":{"rendered":"Unterst\u00fctzer &#038; Sponsoren ENTWURF NEU"},"content":{"rendered":"<p>[vc_row][vc_column][vc_column_text]<\/p>\n<h2 style=\"text-align: center;\"><strong>Ohne Kultur verlieren wir unsere Identit\u00e4t.<\/strong><\/h2>\n<p style=\"text-align: center;\">Es ist daher wert, sie mit einem Kultursponsoring zu unterst\u00fctzen.<\/p>\n<p style=\"text-align: center;\">Werden Sie F\u00f6rderer des Evolutionsmuseum Schmiding!<\/p>\n<p>[\/vc_column_text][\/vc_column][\/vc_row][vc_row][vc_column][vc_column_text]<\/p>\n<h2><strong>Unterst\u00fctzer und Sponsoren<\/strong><\/h2>\n<p>[\/vc_column_text][vc_empty_space][vc_column_text]Kultur ist ein Eckpfeiler unserer Gesellschaft; Museen sind die Fundamente \u2013 begeisterte Besucher, Partner und Sponsoren garantieren ihren Erfolg.<\/p>\n<p>Das Evolutionsmuseum Schmiding kann seinen vielseitigen Auftrag nur dank Privatpersonen, Firmen und Vereinen erf\u00fcllen. Sei es durch finanzielle Zuwendungen, Sachspenden und freiwillige Mitarbeiter*innen.<\/p>\n<p>Um Ihre Kontaktaufnahme ersuchen wir Sie unter <a href=\"mailto:office@evolutionsmuseum.at\">office@evolutionsmuseum.at <\/a>oder unter der Telefonnummer +43 7249 20819, besten Dank.<\/p>\n<h2 style=\"text-align: center;\"><strong>Machen wir Evolution gemeinsam (be)greifbar!<\/strong><\/h2>\n<p style=\"text-align: center;\">Wir freuen uns auf Ihre Unterst\u00fctzung und unsere Zusammenarbeit!<\/p>\n<p>[\/vc_column_text][vc_empty_space][\/vc_column][\/vc_row][vc_row][vc_column width=&#8220;1\/4&#8243; css=&#8220;.vc_custom_1773925475105{margin-left: 30px !important;border-left-width: 30px !important;padding-left: 30px !important;}&#8220;][vc_empty_space height=&#8220;120&#8243;][vc_column_text css=&#8220;.vc_custom_1773925691114{margin-left: 45px !important;border-left-width: 45px !important;padding-left: 45px !important;}&#8220;]<\/p>\n<p style=\"text-align: center;\"><strong><span style=\"color: #d0922b;\">NEU: Auch private Spenden sind nun steuerlich absetzbar!<\/span><\/strong><br \/>\nGeben Sie bei Ihrer Spende an unsere gemeinn\u00fctzige Einrichtung Ihren vollen Namen und Ihr<br \/>\nGeburtsdatum an, die Meldung ans Finanzamt erledigen wir f\u00fcr Sie!<\/p>\n<p>[\/vc_column_text][\/vc_column][vc_column width=&#8220;3\/4&#8243;][vc_single_image image=&#8220;2749&#8243; img_size=&#8220;medium&#8220; alignment=&#8220;center&#8220;][\/vc_column][\/vc_row]<\/p>","protected":false},"excerpt":{"rendered":"<p>[vc_row][vc_column][vc_column_text] Ohne Kultur verlieren wir unsere Identit\u00e4t. Es ist daher wert, sie mit einem Kultursponsoring zu unterst\u00fctzen. Werden Sie F\u00f6rderer des Evolutionsmuseum Schmiding! [\/vc_column_text][\/vc_column][\/vc_row][vc_row][vc_column][vc_column_text] Unterst\u00fctzer und Sponsoren [\/vc_column_text][vc_empty_space][vc_column_text]Kultur ist ein Eckpfeiler unserer Gesellschaft; Museen sind die Fundamente \u2013 begeisterte Besucher, Partner und Sponsoren garantieren ihren Erfolg. Das Evolutionsmuseum Schmiding kann seinen vielseitigen Auftrag nur dank [&hellip;]<\/p>\n","protected":false},"author":3,"featured_media":0,"parent":0,"menu_order":5,"comment_status":"closed","ping_status":"closed","template":"","meta":{"footnotes":""},"class_list":["post-3454","page","type-page","status-publish","hentry"],"_links":{"self":[{"href":"https:\/\/evolutionsmuseum.at\/de\/wp-json\/wp\/v2\/pages\/3454","targetHints":{"allow":["GET"]}}],"collection":[{"href":"https:\/\/evolutionsmuseum.at\/de\/wp-json\/wp\/v2\/pages"}],"about":[{"href":"https:\/\/evolutionsmuseum.at\/de\/wp-json\/wp\/v2\/types\/page"}],"author":[{"embeddable":true,"href":"https:\/\/evolutionsmuseum.at\/de\/wp-json\/wp\/v2\/users\/3"}],"replies":[{"embeddable":true,"href":"https:\/\/evolutionsmuseum.at\/de\/wp-json\/wp\/v2\/comments?post=3454"}],"version-history":[{"count":8,"href":"https:\/\/evolutionsmuseum.at\/de\/wp-json\/wp\/v2\/pages\/3454\/revisions"}],"predecessor-version":[{"id":3463,"href":"https:\/\/evolutionsmuseum.at\/de\/wp-json\/wp\/v2\/pages\/3454\/revisions\/3463"}],"wp:attachment":[{"href":"https:\/\/evolutionsmuseum.at\/de\/wp-json\/wp\/v2\/media?parent=3454"}],"curies":[{"name":"wp","href":"https:\/\/api.w.org\/{rel}","templated":true}]}}