{"id":2953,"date":"2026-03-10T17:23:34","date_gmt":"2026-03-10T16:23:34","guid":{"rendered":"https:\/\/evolutionsmuseum.at\/?page_id=2953"},"modified":"2026-03-16T10:17:09","modified_gmt":"2026-03-16T09:17:09","slug":"pressebildmaterial","status":"publish","type":"page","link":"https:\/\/evolutionsmuseum.at\/de\/pressebildmaterial\/","title":{"rendered":"Pressebildmaterial"},"content":{"rendered":"<p><\/p>\n<div class=\"press-page\">\n<h1>Pressebildmaterial<\/h1>\n<p class=\"press-intro\">Hier finden Sie Bildmaterial des Evolutionsmuseum Schmiding in voller Aufl\u00f6sung zum Download f\u00fcr Pressezwecke. Einfach gew\u00fcnschtes Bild anklicken und Download startet.<br \/>\nWeitere Bilder stellen wir Ihnen auf Wunsch gerne zur Verf\u00fcgung.<\/p>\n<div class=\"press-page\">\n<div class=\"press-gallery\">\n<p><a class=\"press-item\" href=\"https:\/\/evolutionsmuseum.at\/wp-content\/uploads\/2026\/03\/Affenadler-scaled.jpg\" download=\"\"><img decoding=\"async\" src=\"https:\/\/evolutionsmuseum.at\/wp-content\/uploads\/2026\/03\/Affenadler-scaled.jpg\" \/><\/a><\/p>\n<p><a class=\"press-item\" href=\"https:\/\/evolutionsmuseum.at\/wp-content\/uploads\/2026\/03\/Bluetenmantis-scaled.jpg\" download=\"\"><img decoding=\"async\" src=\"https:\/\/evolutionsmuseum.at\/wp-content\/uploads\/2026\/03\/Bluetenmantis-scaled.jpg\" \/><\/a><\/p>\n<p><a class=\"press-item\" href=\"https:\/\/evolutionsmuseum.at\/wp-content\/uploads\/2026\/03\/Buddha-Orang-scaled.jpg\" download=\"\"><img decoding=\"async\" src=\"https:\/\/evolutionsmuseum.at\/wp-content\/uploads\/2026\/03\/Buddha-Orang-scaled.jpg\" \/><\/a><\/p>\n<p><a class=\"press-item\" href=\"https:\/\/evolutionsmuseum.at\/wp-content\/uploads\/2026\/03\/Eisbaeren-scaled.jpeg\" download=\"\"><img decoding=\"async\" src=\"https:\/\/evolutionsmuseum.at\/wp-content\/uploads\/2026\/03\/Eisbaeren-scaled.jpeg\" \/><\/a><\/p>\n<p><a class=\"press-item\" href=\"https:\/\/evolutionsmuseum.at\/wp-content\/uploads\/2026\/03\/Fotografieren-scaled.jpg\" download=\"\"><img decoding=\"async\" src=\"https:\/\/evolutionsmuseum.at\/wp-content\/uploads\/2026\/03\/Fotografieren-scaled.jpg\" \/><\/a><\/p>\n<p><a class=\"press-item\" href=\"https:\/\/evolutionsmuseum.at\/wp-content\/uploads\/2026\/03\/Gipskristalle-scaled.jpg\" download=\"\"><img decoding=\"async\" src=\"https:\/\/evolutionsmuseum.at\/wp-content\/uploads\/2026\/03\/Gipskristalle-scaled.jpg\" \/><\/a><\/p>\n<p><a class=\"press-item\" href=\"https:\/\/evolutionsmuseum.at\/wp-content\/uploads\/2026\/03\/Goldtakin-scaled.jpg\" download=\"\"><img decoding=\"async\" src=\"https:\/\/evolutionsmuseum.at\/wp-content\/uploads\/2026\/03\/Goldtakin-scaled.jpg\" \/><\/a><\/p>\n<p><a class=\"press-item\" href=\"https:\/\/evolutionsmuseum.at\/wp-content\/uploads\/2026\/03\/Grossmodell-Hirschkaefer-scaled.jpg\" download=\"\"><img decoding=\"async\" src=\"https:\/\/evolutionsmuseum.at\/wp-content\/uploads\/2026\/03\/Grossmodell-Hirschkaefer-scaled.jpg\" \/><\/a><\/p>\n<p><a class=\"press-item\" href=\"https:\/\/evolutionsmuseum.at\/wp-content\/uploads\/2026\/03\/Japan-Samurai-Puppe-scaled.jpg\" download=\"\"><img decoding=\"async\" src=\"https:\/\/evolutionsmuseum.at\/wp-content\/uploads\/2026\/03\/Japan-Samurai-Puppe-scaled.jpg\" \/><\/a><\/p>\n<p><a class=\"press-item\" href=\"https:\/\/evolutionsmuseum.at\/wp-content\/uploads\/2026\/03\/Japans-Samurai-scaled.jpg\" download=\"\"><img decoding=\"async\" src=\"https:\/\/evolutionsmuseum.at\/wp-content\/uploads\/2026\/03\/Japans-Samurai-scaled.jpg\" \/><\/a><\/p>\n<p><a class=\"press-item\" href=\"https:\/\/evolutionsmuseum.at\/wp-content\/uploads\/2026\/03\/Kakadus.jpeg\" download=\"\"><img decoding=\"async\" src=\"https:\/\/evolutionsmuseum.at\/wp-content\/uploads\/2026\/03\/Kakadus.jpeg\" \/><\/a><\/p>\n<p><a class=\"press-item\" href=\"https:\/\/evolutionsmuseum.at\/wp-content\/uploads\/2026\/03\/Lebensraum-Meer-Mosasaurier-u.-Japan.-Riesenkrabbe-scaled.jpg\" download=\"\"><img decoding=\"async\" src=\"https:\/\/evolutionsmuseum.at\/wp-content\/uploads\/2026\/03\/Lebensraum-Meer-Mosasaurier-u.-Japan.-Riesenkrabbe-scaled.jpg\" \/><\/a><\/p>\n<p><a class=\"press-item\" href=\"https:\/\/evolutionsmuseum.at\/wp-content\/uploads\/2026\/03\/Malachit-scaled.jpg\" download=\"\"><img decoding=\"async\" src=\"https:\/\/evolutionsmuseum.at\/wp-content\/uploads\/2026\/03\/Malachit-scaled.jpg\" \/><\/a><\/p>\n<p><a class=\"press-item\" href=\"https:\/\/evolutionsmuseum.at\/wp-content\/uploads\/2026\/03\/Mosasaurus-scaled.jpg\" download=\"\"><img decoding=\"async\" src=\"https:\/\/evolutionsmuseum.at\/wp-content\/uploads\/2026\/03\/Mosasaurus-scaled.jpg\" \/><\/a><\/p>\n<p><a class=\"press-item\" href=\"https:\/\/evolutionsmuseum.at\/wp-content\/uploads\/2026\/03\/Neubritannien.jpg\" download=\"\"><img decoding=\"async\" src=\"https:\/\/evolutionsmuseum.at\/wp-content\/uploads\/2026\/03\/Neubritannien.jpg\" \/><\/a><\/p>\n<p><a class=\"press-item\" href=\"https:\/\/evolutionsmuseum.at\/wp-content\/uploads\/2026\/03\/Ritterfalter-scaled.jpg\" download=\"\"><img decoding=\"async\" src=\"https:\/\/evolutionsmuseum.at\/wp-content\/uploads\/2026\/03\/Ritterfalter-scaled.jpg\" \/><\/a><\/p>\n<p><a class=\"press-item\" href=\"https:\/\/evolutionsmuseum.at\/wp-content\/uploads\/2026\/03\/Vanadinit-scaled.jpg\" download=\"\"><img decoding=\"async\" src=\"https:\/\/evolutionsmuseum.at\/wp-content\/uploads\/2026\/03\/Vanadinit-scaled.jpg\" \/><\/a><\/p>\n<p><a class=\"press-item\" href=\"https:\/\/evolutionsmuseum.at\/wp-content\/uploads\/2026\/03\/Vogelfalter-scaled.jpg\" download=\"\"><img decoding=\"async\" src=\"https:\/\/evolutionsmuseum.at\/wp-content\/uploads\/2026\/03\/Vogelfalter-scaled.jpg\" \/><\/a><\/p>\n<p><a class=\"press-item\" href=\"https:\/\/evolutionsmuseum.at\/wp-content\/uploads\/2026\/03\/Weisskopfsaki.jpg\" download=\"\"><img decoding=\"async\" src=\"https:\/\/evolutionsmuseum.at\/wp-content\/uploads\/2026\/03\/Weisskopfsaki.jpg\" \/><\/a><\/p>\n<p><a class=\"press-item\" href=\"https:\/\/evolutionsmuseum.at\/wp-content\/uploads\/2026\/03\/Weltkugel_T-Rex-scaled.jpg\" download=\"\"><img decoding=\"async\" src=\"https:\/\/evolutionsmuseum.at\/wp-content\/uploads\/2026\/03\/Weltkugel_T-Rex-scaled.jpg\" \/><\/a><\/p>\n<\/div>\n<\/div>\n<\/div>\n<p><\/p>","protected":false},"excerpt":{"rendered":"<p>Pressebildmaterial Hier finden Sie Bildmaterial des Evolutionsmuseum Schmiding in voller Aufl\u00f6sung zum Download f\u00fcr Pressezwecke. Einfach gew\u00fcnschtes Bild anklicken und Download startet. Weitere Bilder stellen wir Ihnen auf Wunsch gerne zur Verf\u00fcgung.<\/p>\n","protected":false},"author":8,"featured_media":0,"parent":0,"menu_order":0,"comment_status":"closed","ping_status":"closed","template":"","meta":{"footnotes":""},"class_list":["post-2953","page","type-page","status-publish","hentry"],"_links":{"self":[{"href":"https:\/\/evolutionsmuseum.at\/de\/wp-json\/wp\/v2\/pages\/2953","targetHints":{"allow":["GET"]}}],"collection":[{"href":"https:\/\/evolutionsmuseum.at\/de\/wp-json\/wp\/v2\/pages"}],"about":[{"href":"https:\/\/evolutionsmuseum.at\/de\/wp-json\/wp\/v2\/types\/page"}],"author":[{"embeddable":true,"href":"https:\/\/evolutionsmuseum.at\/de\/wp-json\/wp\/v2\/users\/8"}],"replies":[{"embeddable":true,"href":"https:\/\/evolutionsmuseum.at\/de\/wp-json\/wp\/v2\/comments?post=2953"}],"version-history":[{"count":4,"href":"https:\/\/evolutionsmuseum.at\/de\/wp-json\/wp\/v2\/pages\/2953\/revisions"}],"predecessor-version":[{"id":3387,"href":"https:\/\/evolutionsmuseum.at\/de\/wp-json\/wp\/v2\/pages\/2953\/revisions\/3387"}],"wp:attachment":[{"href":"https:\/\/evolutionsmuseum.at\/de\/wp-json\/wp\/v2\/media?parent=2953"}],"curies":[{"name":"wp","href":"https:\/\/api.w.org\/{rel}","templated":true}]}}